{"id":53,"date":"2022-02-19T17:55:42","date_gmt":"2022-02-19T17:55:42","guid":{"rendered":"http:\/\/izarabatres.com\/?page_id=53"},"modified":"2026-02-17T19:25:06","modified_gmt":"2026-02-17T19:25:06","slug":"bio","status":"publish","type":"page","link":"https:\/\/izarabatres.com\/index.php\/bio\/","title":{"rendered":"Bio"},"content":{"rendered":"<div data-colibri-id=\"53-c1\" class=\"style-359 style-local-53-c1 position-relative\">\n  <!---->\n  <div data-colibri-component=\"section\" data-colibri-id=\"53-c2\" id=\"about\" class=\"h-section h-section-global-spacing d-flex align-items-lg-start align-items-md-start align-items-start style-491 style-local-53-c2 position-relative\">\n    <!---->\n    <!---->\n    <div class=\"h-section-grid-container h-section-boxed-container\">\n      <div data-colibri-id=\"53-c6\" class=\"h-row-container gutters-row-lg-2 gutters-row-md-2 gutters-row-2 gutters-row-v-lg-2 gutters-row-v-md-2 gutters-row-v-2 style-496 style-local-53-c6 position-relative\">\n        <!---->\n        <div class=\"h-row justify-content-lg-center justify-content-md-center justify-content-center align-items-lg-stretch align-items-md-stretch align-items-stretch gutters-col-lg-2 gutters-col-md-2 gutters-col-2 gutters-col-v-lg-2 gutters-col-v-md-2 gutters-col-v-2\">\n          <!---->\n          <div class=\"h-column h-column-container d-flex h-col-lg-auto h-col-md-auto h-col-auto style-497-outer style-local-53-c7-outer\">\n            <div data-colibri-id=\"53-c7\" class=\"d-flex h-flex-basis h-column__inner h-px-lg-2 h-px-md-2 h-px-2 v-inner-lg-2 v-inner-md-2 v-inner-2 style-497 style-local-53-c7 position-relative\">\n              <!---->\n              <!---->\n              <div class=\"w-100 h-y-container h-column__content h-column__v-align flex-basis-100 align-self-lg-start align-self-md-start align-self-start\">\n                <!---->\n                <div data-colibri-id=\"53-c8\" class=\"h-global-transition-all h-heading style-498 style-local-53-c8 position-relative h-element\">\n                  <!---->\n                  <div class=\"h-heading__outer style-498 style-local-53-c8\">\n                    <!---->\n                    <!---->\n                    <h2 class=\"\">IZARA&nbsp;BATRES<\/h2>\n                  <\/div>\n                <\/div>\n                <div data-colibri-id=\"53-c9\" class=\"h-text h-text-component style-1056 style-local-53-c9 position-relative h-element\">\n                  <!---->\n                  <!---->\n                  <div class=\"\">\n                    <p><span style=\"font-size: 18pt; font-family: Muli, serif; color: rgb(9, 33, 42);\">Escritora,&nbsp;poeta y Doctora en Literatura (menci\u00f3n Cum Laude), M\u00e1ster en Estudios Literarios y M\u00e1ster en Formaci\u00f3n del profesorado.&nbsp;<\/span><\/p>\n                    <p><span style=\"font-size: 18pt; font-family: Muli, serif; color: rgb(9, 33, 42);\">Es autora de los poemarios \u00abAvenidas del tiempo\u00bb (2009), \u00abEl fuego hacia la luz\u00bb (2011, con pr\u00f3logo de Luis Eduardo Aute), \u00abTr\u00edptico\u00bb (2017), \u00abSin Red\u00bb (2019) y \u00abFin del mundo de fin\u00bb (2022); el libro de relatos \u00abConfesiones al psicoanalista\u00bb (2012); la novela \u00abENC o El sue\u00f1o del pez luci\u00e9rnaga\u00bb (2014); y el libro de ensayo acad\u00e9mico: \u00abCort\u00e1zar y Par\u00eds: \u00daltimo round\u00bb (2014), \u00abJulio Cort\u00e1zar: claves de una b\u00fasqueda ontol\u00f3gica\u00bb (Dykinson, 2023). Recientemente ha publicado la novela&nbsp;\u00abEl cabaret del infierno\u00bb (Contraluz -Grupo Anaya, 2026).<\/span><\/p>\n                    <p><span style=\"font-size: 18pt; font-family: Muli, serif; color: rgb(9, 33, 42);\">Ha recibido los siguientes premios internacionales:&nbsp;<\/span><\/p>\n                    <p>XXXVI Premio Mundial de Poes\u00eda Fernando Rielo (2016).<\/p>\n                    <p>Primer Premio Europeo de Poes\u00eda Clemente Rebora (2019).<\/p>\n                    <p>Premio Internazionale D\u2019Eccelenza \u201cCitta Del Galateo-Antonio De Ferraris\u201d (2021).<\/p>\n                    <p>Premio a la Creatividad en el Certamen Naji Naaman Literary Prizes (Certamen Internacional del L\u00edbano, 2021).<\/p>\n                    <p>Premio de la Editorial Siruela por su ensayo sobre El mundo de Sof\u00eda (2007).<\/p>\n                    <p>Premio del peri\u00f3dico El Pa\u00eds (concurso de relatos de EP3 \u00abTalentos\u00bb).<\/p>\n                    <p>Selecci\u00f3n de dos de sus libros por el comit\u00e9 de expertos del certamen internacional New Spanish Books en 2015 y 2016, resultando ganador Confesiones al psicoanalista, en 2016.<\/p>\n                    <p><span style=\"font-size: 18pt; font-family: Muli, serif; color: rgb(9, 33, 42);\">Es cofundadora del colectivo art\u00edstico Numen que re\u00fane a artistas de diferentes disciplinas.<\/span><\/p>\n                    <p><span style=\"font-size: 18pt; font-family: Muli, serif; color: rgb(9, 33, 42);\">Ha sido entrevistada en medios de comunicaci\u00f3n como el programa de Televisi\u00f3n Espa\u00f1ola, La hora cultural (12\/02\/2020), el programa Rome reports, 14\/12\/2016; en Cadena SER (programas A vivir Madrid, 9\/01\/11 y Hoy por hoy madrid, 12\/01\/12), Radio Nacional de Espa\u00f1a (programas Viaje al centro de la noche 28\/09\/14 y Un idioma sin fronteras, 11 \/01\/12), Radio C\u00edrculo (C\u00edrculo de Bellas Artes), programa La vita e bella, 07\/06\/2017, COPE: programa El laboratorio 21\/04\/10, Ciao Magazine (01\/02\/2019.&nbsp;<\/span>\n                      <a\n                        href=\"https:\/\/www.ciaomag.com\/espanol\/izara\" style=\"font-size: 18pt; font-family: Muli, serif; color: rgb(9, 33, 42);\" class=\"customize-unpreviewable\">https:\/\/www.ciaomag.com\/espanol\/izara<\/a><span style=\"font-size: 18pt; font-family: Muli, serif; color: rgb(9, 33, 42);\">, en Madridpress 14\/06\/2017, o en \u00c1mbito Cultural Corte Ingl\u00e9s de Callao (31\/01\/2018).&nbsp;<\/span><\/p>\n                    <p><span style=\"font-size: 18pt; font-family: Muli, serif; color: rgb(9, 33, 42);\">Es profesora de Literatura y&nbsp;Escritura Creativa en UNIR, y&nbsp;forma parte del equipo de diversos proyectos de investigaci\u00f3n sobre literatura espa\u00f1ola e hispanoamericana.&nbsp;<\/span><\/p>\n                    <p><span style=\"font-size: 18pt; font-family: Muli, serif; color: rgb(9, 33, 42);\">Tambi\u00e9n crea e imparte sus propios talleres literarios, tanto de poes\u00eda como de narrativa y guion de cine.<\/span><\/p>\n                    <p><span style=\"font-size: 18pt; font-family: Muli, serif; color: rgb(9, 33, 42);\">Ha participado como invitada en eventos internacionales como las Giornate di studio \u201cLa flecha clavada en el poema\u201d, en la Universit\u00e1 Degli Studi di Palermo, Sicilia, en colaboraci\u00f3n con el Instituto Cervantes de Palermo (2014), el Festival literario de Copenhague (2018), etc.<\/span><\/p>\n                    <p><span style=\"font-size: 18pt; font-family: Muli, serif; color: rgb(9, 33, 42);\">En 2019 dirigi\u00f3 el n\u00famero especial dedicado a Cort\u00e1zar: \u201cJulio Cort\u00e1zar, otra vuelta al d\u00eda\u201d, de la revista Barcarola, siendo tambi\u00e9n presentadora del mismo en la Casa de Am\u00e9rica (Madrid, 19 febrero 2020).&nbsp;<\/span><\/p>\n                    <p><span style=\"font-size: 18pt; font-family: Muli, serif; color: rgb(9, 33, 42);\">Como periodista, ha publicado numerosos art\u00edculos y reportajes -algunos de ellos de investigaci\u00f3n como \u201cLa generaci\u00f3n bunker\u201d (Tiempo, 14\/01\/2011), y ha entrevistado a diferentes profesionales del mundo de la cultura, el cine o el arte. Ha sido locutora y codirectora del programa de radio La autopista, (RVK) y ha trabajado en el terreno editorial (editora y coordinadora de la publicaci\u00f3n Centro Ciudad), en TVE (Informativos-Cultura), y en medios de prensa escrita, colaborando con diversas publicaciones.<\/span><\/p>\n                  <\/div>\n                <\/div>\n              <\/div>\n            <\/div>\n          <\/div>\n        <\/div>\n      <\/div>\n      <div data-colibri-id=\"53-c3\" class=\"h-row-container gutters-row-lg-2 gutters-row-md-2 gutters-row-0 gutters-row-v-lg-2 gutters-row-v-md-2 gutters-row-v-2 style-508 style-local-53-c3 position-relative\">\n        <!---->\n        <div class=\"h-row justify-content-lg-center justify-content-md-center justify-content-center align-items-lg-stretch align-items-md-stretch align-items-stretch gutters-col-lg-2 gutters-col-md-2 gutters-col-0 gutters-col-v-lg-2 gutters-col-v-md-2 gutters-col-v-2\">\n          <!---->\n          <div class=\"h-column h-column-container d-flex h-col-lg-auto h-col-md-auto h-col-auto style-509-outer style-local-53-c4-outer\">\n            <div data-colibri-id=\"53-c4\" class=\"d-flex h-flex-basis h-column__inner h-px-lg-2 h-px-md-2 h-px-2 v-inner-lg-2 v-inner-md-2 v-inner-2 style-509 style-local-53-c4 position-relative\">\n              <!---->\n              <!---->\n              <div class=\"w-100 h-y-container h-column__content h-column__v-align flex-basis-100 align-self-lg-start align-self-md-start align-self-start\">\n                <!---->\n                <div data-colibri-id=\"53-c5\" class=\"d-block style-510 style-local-53-c5 position-relative h-element\">\n                  <!---->\n                  <div class=\"h-image__frame-container-outer\">\n                    <div class=\"h-image__frame-container\">\n                      <!---->\n                      <!---->\n                      <img decoding=\"async\" src=\"https:\/\/izarabatres.com\/wp-content\/uploads\/2022\/03\/IZARA-FOTO-176x300.jpg\" class=\"style-510-image style-local-53-c5-image\">\n                      <div class=\"h-image__frame h-hide-lg h-hide-md h-hide-sm style-510-frameImage style-local-53-c5-frameImage\"><\/div>\n                    <\/div>\n                  <\/div>\n                <\/div>\n              <\/div>\n            <\/div>\n          <\/div>\n        <\/div>\n      <\/div>\n    <\/div>\n  <\/div>\n<\/div>","protected":false},"excerpt":{"rendered":"<p>IZARA&nbsp;BATRES Escritora,&nbsp;poeta y Doctora en Literatura (menci\u00f3n Cum Laude), M\u00e1ster en Estudios Literarios y M\u00e1ster en Formaci\u00f3n del profesorado.&nbsp; Es autora de los poemarios \u00abAvenidas del tiempo\u00bb (2009), \u00abEl fuego hacia la luz\u00bb (2011, con pr\u00f3logo de Luis Eduardo Aute), \u00abTr\u00edptico\u00bb (2017), \u00abSin Red\u00bb (2019) y \u00abFin del mundo de fin\u00bb (2022); el libro de [&hellip;]<\/p>\n","protected":false},"author":1,"featured_media":0,"parent":0,"menu_order":0,"comment_status":"closed","ping_status":"closed","template":"page-templates\/full-width-page.php","meta":{"footnotes":""},"class_list":["post-53","page","type-page","status-publish","hentry"],"_links":{"self":[{"href":"https:\/\/izarabatres.com\/index.php\/wp-json\/wp\/v2\/pages\/53","targetHints":{"allow":["GET"]}}],"collection":[{"href":"https:\/\/izarabatres.com\/index.php\/wp-json\/wp\/v2\/pages"}],"about":[{"href":"https:\/\/izarabatres.com\/index.php\/wp-json\/wp\/v2\/types\/page"}],"author":[{"embeddable":true,"href":"https:\/\/izarabatres.com\/index.php\/wp-json\/wp\/v2\/users\/1"}],"replies":[{"embeddable":true,"href":"https:\/\/izarabatres.com\/index.php\/wp-json\/wp\/v2\/comments?post=53"}],"version-history":[{"count":16,"href":"https:\/\/izarabatres.com\/index.php\/wp-json\/wp\/v2\/pages\/53\/revisions"}],"predecessor-version":[{"id":1890,"href":"https:\/\/izarabatres.com\/index.php\/wp-json\/wp\/v2\/pages\/53\/revisions\/1890"}],"wp:attachment":[{"href":"https:\/\/izarabatres.com\/index.php\/wp-json\/wp\/v2\/media?parent=53"}],"curies":[{"name":"wp","href":"https:\/\/api.w.org\/{rel}","templated":true}]}}